{"id":6588,"date":"2021-02-17T17:01:09","date_gmt":"2021-02-17T17:01:09","guid":{"rendered":"https:\/\/solutrade.ma\/?page_id=6588"},"modified":"2021-02-19T13:03:12","modified_gmt":"2021-02-19T13:03:12","slug":"conditions-generales","status":"publish","type":"page","link":"https:\/\/solutrade.ma\/index.php\/conditions-generales\/","title":{"rendered":"Terms and Conditions"},"content":{"rendered":"\t\t<div data-elementor-type=\"wp-page\" data-elementor-id=\"6588\" class=\"elementor elementor-6588\" data-elementor-post-type=\"page\">\n\t\t\t\t\t\t<section class=\"elementor-section elementor-top-section elementor-element elementor-element-f55ecf0 elementor-section-full_width elementor-section-height-default elementor-section-height-default\" data-id=\"f55ecf0\" data-element_type=\"section\" data-e-type=\"section\">\n\t\t\t\t\t\t<div class=\"elementor-container elementor-column-gap-default\">\n\t\t\t\t\t<div class=\"elementor-column elementor-col-100 elementor-top-column elementor-element elementor-element-1e3e264\" data-id=\"1e3e264\" data-element_type=\"column\" data-e-type=\"column\">\n\t\t\t<div class=\"elementor-widget-wrap elementor-element-populated\">\n\t\t\t\t\t\t<div class=\"elementor-element elementor-element-55853d7 elementor-widget elementor-widget-heading\" data-id=\"55853d7\" data-element_type=\"widget\" data-e-type=\"widget\" data-widget_type=\"heading.default\">\n\t\t\t\t<div class=\"elementor-widget-container\">\n\t\t\t\t\t<h2 class=\"elementor-heading-title elementor-size-default\">Conditions g\u00e9n\u00e9rales d\u2019utilisation du site www.solutrade.ma<\/h2>\t\t\t\t<\/div>\n\t\t\t\t<\/div>\n\t\t\t\t\t<\/div>\n\t\t<\/div>\n\t\t\t\t\t<\/div>\n\t\t<\/section>\n\t\t\t\t<section class=\"elementor-section elementor-top-section elementor-element elementor-element-4754565 elementor-section-full_width elementor-section-height-default elementor-section-height-default\" data-id=\"4754565\" data-element_type=\"section\" data-e-type=\"section\">\n\t\t\t\t\t\t<div class=\"elementor-container elementor-column-gap-default\">\n\t\t\t\t\t<div class=\"elementor-column elementor-col-100 elementor-top-column elementor-element elementor-element-7a505ee\" data-id=\"7a505ee\" data-element_type=\"column\" data-e-type=\"column\">\n\t\t\t<div class=\"elementor-widget-wrap elementor-element-populated\">\n\t\t\t\t\t\t<div class=\"elementor-element elementor-element-aedea72 elementor-widget elementor-widget-text-editor\" data-id=\"aedea72\" data-element_type=\"widget\" data-e-type=\"widget\" data-widget_type=\"text-editor.default\">\n\t\t\t\t<div class=\"elementor-widget-container\">\n\t\t\t\t\t\t\t\t\t<p>Le pr\u00e9sent document a pour objet de d\u00e9finir les modalit\u00e9s et conditions aux termes desquelles d\u2019une part,\u00a0 SOLUTRADE SARL, dont le si\u00e8ge social est Zone industrielle ZAK Lakhyayta, 26000 Sahel Oulad Hriz, Maroc (ci-apr\u00e8s \u00ab SOLUTRADE), en sa qualit\u00e9 d\u2019\u00e9diteur du site www.solutrade.ma (ci-apr\u00e8s \u00ab Site \u00bb), met \u00e0 la disposition de l\u2019utilisateur (ci-apr\u00e8s \u00ab Internaute \u00bb) le Site, et les services disponibles sur le Site et d\u2019autre part, la mani\u00e8re dont l\u2019Internaute acc\u00e8de au Site et utilise ses services.<\/p><p>Toute connexion au site est subordonn\u00e9e au respect des pr\u00e9sentes conditions g\u00e9n\u00e9rales d\u2019utilisation (ci-apr\u00e8s \u00ab CGU \u00bb).<\/p><p>Pour l\u2019Internaute, le simple acc\u00e8s au Site de SOLUTRADE implique l\u2019acceptation pure et simple de l\u2019ensemble des CGU d\u00e9crites ci-apr\u00e8s.<\/p><p>L\u2019utilisation par l\u2019Internaute du Site est strictement r\u00e9serv\u00e9e \u00e0 un usage priv\u00e9 \u00e0 l\u2019exclusion de tout autre usage, notamment commercial.<\/p><p>En outre, l\u2019Internaute qui utilise un des services disponibles sur le Site accepte les conditions g\u00e9n\u00e9rales et le cas \u00e9chant particuli\u00e8res relatives au service utilis\u00e9 par ce dernier. En cas de contradiction entre lesdites conditions et les pr\u00e9sentes CGU, les conditions du service concern\u00e9 pr\u00e9valent.<\/p><p><b>PROPRIETE INTELLECTUELLE\u00a0<\/b><\/p><p>La structure g\u00e9n\u00e9rale du Site ainsi que les textes, graphiques, images, sons, vid\u00e9os, logos, marques la composant sont la propri\u00e9t\u00e9 de SOLUTRADE ou de ses partenaires et constituent, chacun et dans leur ensemble, une \u0153uvre prot\u00e9g\u00e9e par des droits de propri\u00e9t\u00e9 intellectuelle et industrielle.<\/p><p>Toute repr\u00e9sentation et\/ou reproduction et\/ou exploitation totale ou partielle et\/ou t\u00e9l\u00e9chargement total ou partiel des contenus et services propos\u00e9s sur le Site, par quelque proc\u00e9d\u00e9 que ce soit, sans l\u2019autorisation pr\u00e9alable et \u00e9crite de SOLUTRADE est strictement interdite et serait susceptible de constituer une contrefa\u00e7on au sens de la r\u00e9glementation en vigueur au Royaume du Maroc.<\/p><p>Toute infraction au pr\u00e9sent article est susceptible d&rsquo;\u00eatre p\u00e9nalement et civilement sanctionn\u00e9e, notamment au titre de la contrefa\u00e7on et\/ou de l\u2019atteinte aux droits de propri\u00e9t\u00e9 intellectuelle et industrielle entra\u00eenant le cas \u00e9ch\u00e9ant le versement de dommages et int\u00e9r\u00eats.<\/p><p><b>DONNEES PERSONNELLES<\/b><\/p><p>L\u2019Internaute reconna\u00eet et accepte que les donn\u00e9es collect\u00e9es dans le cadre de l\u2019utilisation par ce dernier du Site fassent l&rsquo;objet d&rsquo;un traitement sous forme de fichier papier ou \u00e9lectronique. Les informations nominatives concernant l\u2019Internaute dites donn\u00e9es \u00e0 caract\u00e8re personnel (nom, pr\u00e9nom, num\u00e9ro de t\u00e9l\u00e9phone, adresse etc\u2026) (ci-apr\u00e8s \u00ab Donn\u00e9es \u00bb) pourront \u00eatre communiqu\u00e9es sur r\u00e9quisition des autorit\u00e9s judiciaires. Elles sont trait\u00e9es et stock\u00e9es par SOLUTRADE et communiqu\u00e9es par cette derni\u00e8re \u00e0 ses soci\u00e9t\u00e9s m\u00e8res, filiales ou prestataires pour la fourniture des services disponibles sur le Site notamment le service Contact et Newsletter et la gestion dudit Site.<\/p><p>SOLUTRADE pourra communiquer lesdites informations \u00e0 des tiers pour la mise en \u0153uvre des services du Site auxquels elle \u00e9tend le respect des dispositions de la loi 09-08 et des r\u00e8gles de s\u00e9curit\u00e9 et de confidentialit\u00e9 desdites Donn\u00e9es.<\/p><p>L\u2019Internaute autorise SOLUTRADE \u00e0 utiliser les donn\u00e9es collect\u00e9es pour lui proposer, par courrier \u00e9lectronique ou tout autre moyen employant une technologie de m\u00eame nature, les services SOLUTRADE similaires \u00e0 ceux utilis\u00e9s par ce dernier et pouvant r\u00e9pondre \u00e0 ses besoins.<\/p><p><b>LIENS HYPERTEXTES<\/b><\/p><p>Le Site peut contenir des liens vers d\u2019autres sites pr\u00e9sents sur le r\u00e9seau Internet. L\u2019utilisation de ces liens par l\u2019Internaute le fait quitter le Site. Ces liens et les sites auxquels ils permettent d\u2019acc\u00e9der sont ind\u00e9pendants du Site. A ce titre, l\u2019Internaute est inform\u00e9 que SOLUTRADE n\u2019a aucun contr\u00f4le sur le contenu de ces liens et n\u2019assume aucune responsabilit\u00e9 quant \u00e0 leur contenu. Aussi, l\u2019Internaute reconnait et accepte qu\u2019il utilise lesdits liens sous sa seule responsabilit\u00e9, tant civile que p\u00e9nale.<\/p><p><b>RESPONSABILITE DE L\u2019INTERNAUTE<\/b><\/p><p>L\u2019Internaute a pris connaissance qu\u2019Internet v\u00e9hicule des donn\u00e9es susceptibles d\u2019\u00eatre prot\u00e9g\u00e9es par des droits de propri\u00e9t\u00e9 intellectuelle et\/ou d\u2019enfreindre les dispositions l\u00e9gales et r\u00e9glementaires en vigueur. A ce titre, l\u2019Internaute s\u2019interdit de stocker, t\u00e9l\u00e9charger ou envoyer toute donn\u00e9e prohib\u00e9e, illicite, contraire aux bonnes m\u0153urs ou \u00e0 l&rsquo;ordre public et\/ou portant atteinte aux droits des tiers et notamment aux droits de propri\u00e9t\u00e9 intellectuelle appartenant \u00e0 des tiers.<\/p><p>L\u2019Internaute d\u00e9clare reconna\u00eetre qu\u2019Internet n\u2019est pas s\u00e9curis\u00e9 et que le secret des correspondances transmises n\u2019y est pas garanti. Aussi, l\u2019Internaute est inform\u00e9 que la communication de toute information confidentielle ou non est faite par ce dernier \u00e0 ses risques et p\u00e9rils et qu\u2019il lui appartient de se pr\u00e9munir contre les risques d\u2019attaque virale contre ses donn\u00e9es et\/ou logiciels.<\/p><p><b>RESPONSABILITE DE SOLUTRADE<\/b><\/p><p>Les informations figurant sur le Site proviennent de sources consid\u00e9r\u00e9es comme fiables. Toutefois, ces informations sont susceptibles de contenir des inexactitudes techniques et des erreurs typographiques. SOLUTRADE se r\u00e9serve le droit de les corriger d\u00e8s lors que ces erreurs auront \u00e9t\u00e9 port\u00e9es \u00e0 sa connaissance. SOLUTRADE recommande \u00e0 l\u2019Internaute de v\u00e9rifier l\u2019exactitude et la pertinence des informations mises \u00e0 disposition sur le Site.<\/p><p>Les informations disponibles sur le Site sont susceptibles d\u2019\u00eatre modifi\u00e9es \u00e0 tout moment et peuvent faire l\u2019objet de mises \u00e0 jour.<\/p><p>L\u2019utilisation des informations disponibles sur le Site se fait sous l\u2019enti\u00e8re et seule responsabilit\u00e9 de l\u2019Internaute, lequel assume la totalit\u00e9 des cons\u00e9quences pouvant en d\u00e9couler, sans que SOLUTRADE puisse \u00eatre recherch\u00e9e \u00e0 ce titre, et sans recours contre cette derni\u00e8re.<\/p><p>SOLUTRADE ne pourra en aucun cas \u00eatre tenue responsable de tout dommage de quelque nature qu\u2019il soit r\u00e9sultant de l\u2019interpr\u00e9tation ou de l\u2019utilisation des informations disponibles sur le Site.<\/p><p>En outre, SOLUTRADE ne saurait \u00eatre tenue pour responsable des actes des Internautes qui sont contraires \u00e0 la l\u00e9gislation en vigueur, ni de tout dommage direct ou indirect d\u00e9coulant de l&rsquo;utilisation du Site et ce, pour quelque raison que ce soit notamment, sans que cette liste ne soit limitative, en cas de probl\u00e8me technique, tel un virus, un bug informatique, une intrusion malveillante ou un dysfonctionnement du Site.<\/p><p><b>ACCES AU SITE<\/b><\/p><p>SOLUTRADE s\u2019efforce de permettre que le Site soit accessible 24 heures sur 24, 7 jours sur 7, sauf en cas de force majeure ou de la survenance d\u2019\u00e9v\u00e9nement hors du contr\u00f4le de SOLUTRADE, et sous r\u00e9serve d\u2019\u00e9ventuelles pannes et interventions de maintenance n\u00e9cessaires au bon fonctionnement du Site et des services. A cet \u00e9gard, SOLUTRADE peut, \u00e0 tout moment et sans pr\u00e9avis, modifier ou interrompre temporairement ou pour une dur\u00e9e ind\u00e9termin\u00e9e tout ou partie du Site pour effectuer des op\u00e9rations de maintenance et\/ou des am\u00e9liorations et\/ou des modifications du Site. Par cons\u00e9quent, SOLUTRADE ne peut garantir une disponibilit\u00e9 du Site et\/ou des services, une fiabilit\u00e9 des transmissions et des performances s\u2019agissant des temps de r\u00e9ponse ou de qualit\u00e9.<\/p><p>En aucun cas la responsabilit\u00e9 de SOLUTRADE ne saurait \u00eatre engag\u00e9e en cas d\u2019impossibilit\u00e9 d\u2019acc\u00e8s au Site et\/ou d\u2019utilisation des services.<\/p><p>L\u2019internaute reconna\u00eet et accepte que SOLUTRADE ne soit pas responsable des interruptions, et des cons\u00e9quences qui peuvent en d\u00e9couler pour l\u2019Internaute ou tout tiers.<\/p><p><b>REGLES D&rsquo;USAGE D&rsquo;INTERNET<\/b><\/p><p>L\u2019Internaute d\u00e9clare accepter les caract\u00e9ristiques et les limites d\u2019Internet, et notamment reconna\u00eet que :<\/p><p>SOLUTRADE n\u2019assume aucune responsabilit\u00e9 sur les services accessibles par Internet et n\u2019exerce aucun contr\u00f4le de quelque forme que ce soit sur la nature et les caract\u00e9ristiques des donn\u00e9es qui pourraient transiter par l\u2019interm\u00e9diaire de son serveur.<\/p><p>L\u2019Internaute reconna\u00eet que les donn\u00e9es circulant sur Internet ne sont pas prot\u00e9g\u00e9es notamment contre les d\u00e9tournements \u00e9ventuels. La communication de toute information jug\u00e9e par l\u2019Internaute de nature sensible ou confidentielle se fait \u00e0 ses risques et p\u00e9rils.<\/p><p>L\u2019Internaute reconna\u00eet que les donn\u00e9es circulant sur Internet peuvent \u00eatre r\u00e9glement\u00e9es en termes d\u2019usage ou \u00eatre prot\u00e9g\u00e9es par un droit de propri\u00e9t\u00e9.<\/p><p>L\u2019Internaute est seul responsable de l\u2019usage des donn\u00e9es qu\u2019il consulte, interroge et transf\u00e8re sur Internet.<\/p><p>L\u2019Internaute reconna\u00eet que SOLUTRADE ne dispose d\u2019aucun moyen de contr\u00f4le sur le contenu des services accessibles sur Internet.<\/p><p><b>SECURITE DU SITE<\/b><\/p><p>SOLUTRADE met en \u0153uvre les mesures n\u00e9cessaires et ad\u00e9quates visant \u00e0 garantir la s\u00e9curit\u00e9 du Site et notamment la protection des donn\u00e9es personnelles des Internautes et ce, contre toute perte, utilisation d\u00e9tourn\u00e9e, acc\u00e8s non autoris\u00e9, alt\u00e9ration ou destruction. Cependant, dans la mesure o\u00f9 de tels risques sont inh\u00e9rents \u00e0 Internet, l\u2019Internaute est inform\u00e9 que le Site ne peut faire l\u2019objet d\u2019une protection infaillible.<\/p><p><b>MODIFICATIONS<\/b><\/p><p>Les pr\u00e9sentes CGU peuvent \u00eatre modifi\u00e9es et mise \u00e0 jour, \u00e0 tout moment et sans pr\u00e9avis, par SOLUTRADE. Lesdites modifications et mises \u00e0 jour entrent en vigueur d\u00e8s leur publication sur le Site.<\/p><p><b>DROIT APPLICABLE<\/b><\/p><p>Les pr\u00e9sentes CGU sont soumises \u00e0 la l\u00e9gislation marocaine. Tout litige r\u00e9sultant de l\u2019ex\u00e9cution ou de l\u2019interpr\u00e9tation des pr\u00e9sentes sera port\u00e9 devant le Tribunal de Commerce de Casablanca.<\/p>\t\t\t\t\t\t\t\t<\/div>\n\t\t\t\t<\/div>\n\t\t\t\t\t<\/div>\n\t\t<\/div>\n\t\t\t\t\t<\/div>\n\t\t<\/section>\n\t\t\t\t<section class=\"elementor-section elementor-top-section elementor-element elementor-element-58f6e42 elementor-section-full_width elementor-section-stretched elementor-section-height-default elementor-section-height-default\" data-id=\"58f6e42\" data-element_type=\"section\" data-e-type=\"section\" data-settings=\"{&quot;stretch_section&quot;:&quot;section-stretched&quot;,&quot;background_background&quot;:&quot;classic&quot;}\">\n\t\t\t\t\t\t<div class=\"elementor-container elementor-column-gap-default\">\n\t\t\t\t\t<div class=\"elementor-column elementor-col-100 elementor-top-column elementor-element elementor-element-5cd03ec7\" data-id=\"5cd03ec7\" data-element_type=\"column\" data-e-type=\"column\">\n\t\t\t<div class=\"elementor-widget-wrap elementor-element-populated\">\n\t\t\t\t\t\t<section class=\"elementor-section elementor-inner-section elementor-element elementor-element-376b7a0e elementor-section-full_width elementor-section-height-default elementor-section-height-default\" data-id=\"376b7a0e\" data-element_type=\"section\" data-e-type=\"section\">\n\t\t\t\t\t\t<div class=\"elementor-container elementor-column-gap-default\">\n\t\t\t\t\t<div class=\"elementor-column elementor-col-50 elementor-inner-column elementor-element elementor-element-26dc4132\" data-id=\"26dc4132\" data-element_type=\"column\" data-e-type=\"column\">\n\t\t\t<div class=\"elementor-widget-wrap elementor-element-populated\">\n\t\t\t\t\t\t<div class=\"elementor-element elementor-element-11f562f6 elementor-widget elementor-widget-wp-widget-ocean_social\" data-id=\"11f562f6\" data-element_type=\"widget\" data-e-type=\"widget\" data-widget_type=\"wp-widget-ocean_social.default\">\n\t\t\t\t<div class=\"elementor-widget-container\">\n\t\t\t\t\t\r\n\t\t\t\t<ul class=\"oceanwp-social-icons no-transition style-light\">\r\n\t\t\t\t\t<li class=\"oceanwp-facebook\"><a href=\"https:\/\/www.facebook.com\/Solutrade\" aria-label=\"Facebook\"  style=\"font-size:30px;\" target=\"_blank\" rel=\"noopener noreferrer\"><i class=\" fab fa-facebook\" aria-hidden=\"true\" role=\"img\"><\/i><\/a><span class=\"screen-reader-text\">S\u2019ouvre dans un nouvel onglet<\/span><\/li><li class=\"oceanwp-instagram\"><a href=\"https:\/\/www.instagram.com\/solutrade\/\" aria-label=\"Instagram\"  style=\"font-size:30px;\" target=\"_blank\" rel=\"noopener noreferrer\"><i class=\" fab fa-instagram\" aria-hidden=\"true\" role=\"img\"><\/i><\/a><span class=\"screen-reader-text\">S\u2019ouvre dans un nouvel onglet<\/span><\/li><li class=\"oceanwp-linkedin\"><a href=\"https:\/\/www.linkedin.com\/company\/solutrademaroc\/\" aria-label=\"LinkedIn\"  style=\"font-size:30px;\" target=\"_blank\" rel=\"noopener noreferrer\"><i class=\" fab fa-linkedin\" aria-hidden=\"true\" role=\"img\"><\/i><\/a><span class=\"screen-reader-text\">S\u2019ouvre dans un nouvel onglet<\/span><\/li>\t\t\t\t<\/ul>\r\n\r\n\t\t\t\t\r\n\t\t\t\r\n\t\t\r\n\t\t\t\t\t\t\t<\/div>\n\t\t\t\t<\/div>\n\t\t\t\t\t<\/div>\n\t\t<\/div>\n\t\t\t\t<div class=\"elementor-column elementor-col-50 elementor-inner-column elementor-element elementor-element-55715ea3\" data-id=\"55715ea3\" data-element_type=\"column\" data-e-type=\"column\">\n\t\t\t<div class=\"elementor-widget-wrap elementor-element-populated\">\n\t\t\t\t\t\t<div class=\"elementor-element elementor-element-a27562e elementor-widget elementor-widget-heading\" data-id=\"a27562e\" data-element_type=\"widget\" data-e-type=\"widget\" data-widget_type=\"heading.default\">\n\t\t\t\t<div class=\"elementor-widget-container\">\n\t\t\t\t\t<h5 class=\"elementor-heading-title elementor-size-default\">Suivez-nous<\/h5>\t\t\t\t<\/div>\n\t\t\t\t<\/div>\n\t\t\t\t\t<\/div>\n\t\t<\/div>\n\t\t\t\t\t<\/div>\n\t\t<\/section>\n\t\t\t\t\t<\/div>\n\t\t<\/div>\n\t\t\t\t\t<\/div>\n\t\t<\/section>\n\t\t\t\t<\/div>\n\t\t","protected":false},"excerpt":{"rendered":"<p>Conditions g\u00e9n\u00e9rales d\u2019utilisation du site www.solutrade.ma Le pr\u00e9sent document a pour objet de d\u00e9finir les modalit\u00e9s et conditions aux termes desquelles d\u2019une part,\u00a0 SOLUTRADE SARL, dont le si\u00e8ge social est Zone industrielle ZAK Lakhyayta, 26000 Sahel Oulad Hriz, Maroc (ci-apr\u00e8s \u00ab SOLUTRADE), en sa qualit\u00e9 d\u2019\u00e9diteur du site www.solutrade.ma (ci-apr\u00e8s \u00ab Site \u00bb), met \u00e0 [&hellip;]<\/p>\n","protected":false},"author":2,"featured_media":0,"parent":0,"menu_order":0,"comment_status":"closed","ping_status":"closed","template":"","meta":{"_seopress_robots_primary_cat":"","_seopress_titles_title":"","_seopress_titles_desc":"","_seopress_robots_index":"","ocean_post_layout":"","ocean_both_sidebars_style":"","ocean_both_sidebars_content_width":0,"ocean_both_sidebars_sidebars_width":0,"ocean_sidebar":"0","ocean_second_sidebar":"0","ocean_disable_margins":"enable","ocean_add_body_class":"","ocean_shortcode_before_top_bar":"","ocean_shortcode_after_top_bar":"","ocean_shortcode_before_header":"","ocean_shortcode_after_header":"","ocean_has_shortcode":"","ocean_shortcode_after_title":"","ocean_shortcode_before_footer_widgets":"","ocean_shortcode_after_footer_widgets":"","ocean_shortcode_before_footer_bottom":"","ocean_shortcode_after_footer_bottom":"","ocean_display_top_bar":"default","ocean_display_header":"default","ocean_header_style":"","ocean_center_header_left_menu":"0","ocean_custom_header_template":"0","ocean_custom_logo":0,"ocean_custom_retina_logo":0,"ocean_custom_logo_max_width":0,"ocean_custom_logo_tablet_max_width":0,"ocean_custom_logo_mobile_max_width":0,"ocean_custom_logo_max_height":0,"ocean_custom_logo_tablet_max_height":0,"ocean_custom_logo_mobile_max_height":0,"ocean_header_custom_menu":"0","ocean_menu_typo_font_family":"0","ocean_menu_typo_font_subset":"","ocean_menu_typo_font_size":0,"ocean_menu_typo_font_size_tablet":0,"ocean_menu_typo_font_size_mobile":0,"ocean_menu_typo_font_size_unit":"px","ocean_menu_typo_font_weight":"","ocean_menu_typo_font_weight_tablet":"","ocean_menu_typo_font_weight_mobile":"","ocean_menu_typo_transform":"","ocean_menu_typo_transform_tablet":"","ocean_menu_typo_transform_mobile":"","ocean_menu_typo_line_height":0,"ocean_menu_typo_line_height_tablet":0,"ocean_menu_typo_line_height_mobile":0,"ocean_menu_typo_line_height_unit":"","ocean_menu_typo_spacing":0,"ocean_menu_typo_spacing_tablet":0,"ocean_menu_typo_spacing_mobile":0,"ocean_menu_typo_spacing_unit":"","ocean_menu_link_color":"","ocean_menu_link_color_hover":"","ocean_menu_link_color_active":"","ocean_menu_link_background":"","ocean_menu_link_hover_background":"","ocean_menu_link_active_background":"","ocean_menu_social_links_bg":"","ocean_menu_social_hover_links_bg":"","ocean_menu_social_links_color":"","ocean_menu_social_hover_links_color":"","ocean_disable_title":"default","ocean_disable_heading":"default","ocean_post_title":"","ocean_post_subheading":"","ocean_post_title_style":"","ocean_post_title_background_color":"","ocean_post_title_background":0,"ocean_post_title_bg_image_position":"","ocean_post_title_bg_image_attachment":"","ocean_post_title_bg_image_repeat":"","ocean_post_title_bg_image_size":"","ocean_post_title_height":0,"ocean_post_title_bg_overlay":0.5,"ocean_post_title_bg_overlay_color":"","ocean_disable_breadcrumbs":"default","ocean_breadcrumbs_color":"","ocean_breadcrumbs_separator_color":"","ocean_breadcrumbs_links_color":"","ocean_breadcrumbs_links_hover_color":"","ocean_display_footer_widgets":"default","ocean_display_footer_bottom":"default","ocean_custom_footer_template":"0","footnotes":""},"class_list":["post-6588","page","type-page","status-publish","hentry","entry"],"_links":{"self":[{"href":"https:\/\/solutrade.ma\/index.php\/wp-json\/wp\/v2\/pages\/6588","targetHints":{"allow":["GET"]}}],"collection":[{"href":"https:\/\/solutrade.ma\/index.php\/wp-json\/wp\/v2\/pages"}],"about":[{"href":"https:\/\/solutrade.ma\/index.php\/wp-json\/wp\/v2\/types\/page"}],"author":[{"embeddable":true,"href":"https:\/\/solutrade.ma\/index.php\/wp-json\/wp\/v2\/users\/2"}],"replies":[{"embeddable":true,"href":"https:\/\/solutrade.ma\/index.php\/wp-json\/wp\/v2\/comments?post=6588"}],"version-history":[{"count":20,"href":"https:\/\/solutrade.ma\/index.php\/wp-json\/wp\/v2\/pages\/6588\/revisions"}],"predecessor-version":[{"id":6926,"href":"https:\/\/solutrade.ma\/index.php\/wp-json\/wp\/v2\/pages\/6588\/revisions\/6926"}],"wp:attachment":[{"href":"https:\/\/solutrade.ma\/index.php\/wp-json\/wp\/v2\/media?parent=6588"}],"curies":[{"name":"wp","href":"https:\/\/api.w.org\/{rel}","templated":true}]}}