{"id":6596,"date":"2021-02-17T17:03:43","date_gmt":"2021-02-17T17:03:43","guid":{"rendered":"https:\/\/solutrade.ma\/?page_id=6596"},"modified":"2025-07-30T09:16:11","modified_gmt":"2025-07-30T09:16:11","slug":"pensez-environnement","status":"publish","type":"page","link":"https:\/\/solutrade.ma\/index.php\/pensez-environnement\/","title":{"rendered":"PENSEZ ENVIRONNEMENT"},"content":{"rendered":"\t\t<div data-elementor-type=\"wp-page\" data-elementor-id=\"6596\" class=\"elementor elementor-6596\" data-elementor-post-type=\"page\">\n\t\t\t\t\t\t<section class=\"elementor-section elementor-top-section elementor-element elementor-element-79740408 elementor-section-full_width elementor-section-height-min-height elementor-section-stretched animated-slow elementor-section-height-default elementor-section-items-middle elementor-invisible\" data-id=\"79740408\" data-element_type=\"section\" data-e-type=\"section\" data-settings=\"{&quot;stretch_section&quot;:&quot;section-stretched&quot;,&quot;animation&quot;:&quot;slideInDown&quot;,&quot;background_background&quot;:&quot;classic&quot;}\">\n\t\t\t\t\t\t<div class=\"elementor-container elementor-column-gap-default\">\n\t\t\t\t\t<div class=\"elementor-column elementor-col-100 elementor-top-column elementor-element elementor-element-231f9c5\" data-id=\"231f9c5\" data-element_type=\"column\" data-e-type=\"column\">\n\t\t\t<div class=\"elementor-widget-wrap\">\n\t\t\t\t\t\t\t<\/div>\n\t\t<\/div>\n\t\t\t\t\t<\/div>\n\t\t<\/section>\n\t\t\t\t<section class=\"elementor-section elementor-top-section elementor-element elementor-element-7dfcb8b elementor-section-boxed elementor-section-height-default elementor-section-height-default\" data-id=\"7dfcb8b\" data-element_type=\"section\" data-e-type=\"section\">\n\t\t\t\t\t\t<div class=\"elementor-container elementor-column-gap-default\">\n\t\t\t\t\t<div class=\"elementor-column elementor-col-100 elementor-top-column elementor-element elementor-element-8ff3420\" data-id=\"8ff3420\" data-element_type=\"column\" data-e-type=\"column\">\n\t\t\t<div class=\"elementor-widget-wrap elementor-element-populated\">\n\t\t\t\t\t\t<div class=\"elementor-element elementor-element-4840257 elementor-widget elementor-widget-spacer\" data-id=\"4840257\" data-element_type=\"widget\" data-e-type=\"widget\" data-widget_type=\"spacer.default\">\n\t\t\t\t<div class=\"elementor-widget-container\">\n\t\t\t\t\t\t\t<div class=\"elementor-spacer\">\n\t\t\t<div class=\"elementor-spacer-inner\"><\/div>\n\t\t<\/div>\n\t\t\t\t\t\t<\/div>\n\t\t\t\t<\/div>\n\t\t\t\t\t<\/div>\n\t\t<\/div>\n\t\t\t\t\t<\/div>\n\t\t<\/section>\n\t\t\t\t<section class=\"elementor-section elementor-top-section elementor-element elementor-element-a84a9f3 animated-slow elementor-section-boxed elementor-section-height-default elementor-section-height-default elementor-invisible\" data-id=\"a84a9f3\" data-element_type=\"section\" data-e-type=\"section\" data-settings=\"{&quot;background_background&quot;:&quot;classic&quot;,&quot;animation&quot;:&quot;fadeIn&quot;,&quot;animation_delay&quot;:900}\">\n\t\t\t\t\t\t<div class=\"elementor-container elementor-column-gap-default\">\n\t\t\t\t\t<div class=\"elementor-column elementor-col-66 elementor-top-column elementor-element elementor-element-d2bdbc8\" data-id=\"d2bdbc8\" data-element_type=\"column\" data-e-type=\"column\" data-settings=\"{&quot;animation&quot;:&quot;none&quot;}\">\n\t\t\t<div class=\"elementor-widget-wrap elementor-element-populated\">\n\t\t\t\t\t\t<div class=\"elementor-element elementor-element-264cad8 elementor-widget elementor-widget-heading\" data-id=\"264cad8\" data-element_type=\"widget\" data-e-type=\"widget\" data-widget_type=\"heading.default\">\n\t\t\t\t<div class=\"elementor-widget-container\">\n\t\t\t\t\t<h3 class=\"elementor-heading-title elementor-size-medium\">PENSEZ ENVIRONNEMENT\n<\/h3>\t\t\t\t<\/div>\n\t\t\t\t<\/div>\n\t\t\t\t<div class=\"elementor-element elementor-element-656e0ea elementor-widget elementor-widget-text-editor\" data-id=\"656e0ea\" data-element_type=\"widget\" data-e-type=\"widget\" data-widget_type=\"text-editor.default\">\n\t\t\t\t<div class=\"elementor-widget-container\">\n\t\t\t\t\t\t\t\t\t<p><span style=\"font-weight: 400;\">En plus de r\u00e9duire le co\u00fbt kilom\u00e9trique de votre pneu, Solutrade vous aide \u00e9galement \u00e0 diminuer votre empreinte \u00e9cologique en se penchant aujourd\u2019hui sur l\u2019\u00e9puisement \u00e0 venir des mati\u00e8res premi\u00e8res et en assurant une utilisation efficace des ressources cl\u00e9s. Le rechapage est l\u2019un des plus anciens exemples d\u2019\u00e9conomie circulaire, puisque l\u2019on r\u00e9cup\u00e8re le pneu us\u00e9 avant qu&rsquo;il ne devienne un d\u00e9chet.<\/span><\/p><p><span style=\"font-weight: 400;\">Le rechapage permet de prolonger la vie des pneus us\u00e9s, dont la masse \u00e9quivaut \u00e0 17 millions de tonnes chaque ann\u00e9e dans le monde.<\/span><\/p>\t\t\t\t\t\t\t\t<\/div>\n\t\t\t\t<\/div>\n\t\t\t\t\t<\/div>\n\t\t<\/div>\n\t\t\t\t<div class=\"elementor-column elementor-col-33 elementor-top-column elementor-element elementor-element-f1db091 elementor-invisible\" data-id=\"f1db091\" data-element_type=\"column\" data-e-type=\"column\" data-settings=\"{&quot;animation&quot;:&quot;slideInRight&quot;}\">\n\t\t\t<div class=\"elementor-widget-wrap\">\n\t\t\t\t\t\t\t<\/div>\n\t\t<\/div>\n\t\t\t\t\t<\/div>\n\t\t<\/section>\n\t\t\t\t<section class=\"elementor-section elementor-top-section elementor-element elementor-element-0886e8a elementor-section-full_width elementor-section-height-default elementor-section-height-default elementor-invisible\" data-id=\"0886e8a\" data-element_type=\"section\" data-e-type=\"section\" data-settings=\"{&quot;background_background&quot;:&quot;classic&quot;,&quot;animation&quot;:&quot;fadeIn&quot;}\">\n\t\t\t\t\t\t<div class=\"elementor-container elementor-column-gap-default\">\n\t\t\t\t\t<div class=\"elementor-column elementor-col-100 elementor-top-column elementor-element elementor-element-dda83bf\" data-id=\"dda83bf\" data-element_type=\"column\" data-e-type=\"column\">\n\t\t\t<div class=\"elementor-widget-wrap elementor-element-populated\">\n\t\t\t\t\t\t<div class=\"elementor-element elementor-element-f2e3c44 elementor-position-left elementor-vertical-align-middle elementor-widget__width-inherit elementor-widget elementor-widget-image-box\" data-id=\"f2e3c44\" data-element_type=\"widget\" data-e-type=\"widget\" data-widget_type=\"image-box.default\">\n\t\t\t\t<div class=\"elementor-widget-container\">\n\t\t\t\t\t<div class=\"elementor-image-box-wrapper\"><figure class=\"elementor-image-box-img\"><img decoding=\"async\" width=\"200\" height=\"200\" data-src=\"https:\/\/solutrade.ma\/wp-content\/uploads\/2020\/12\/12-1.png\" class=\"elementor-animation-shrink attachment-full size-full wp-image-6602 lazyload\" alt=\"\" data-srcset=\"https:\/\/solutrade.ma\/wp-content\/uploads\/2020\/12\/12-1.png 200w, https:\/\/solutrade.ma\/wp-content\/uploads\/2020\/12\/12-1-150x150.png 150w, https:\/\/solutrade.ma\/wp-content\/uploads\/2020\/12\/12-1-100x100.png 100w\" data-sizes=\"(max-width: 200px) 100vw, 200px\" src=\"data:image\/svg+xml;base64,PHN2ZyB3aWR0aD0iMSIgaGVpZ2h0PSIxIiB4bWxucz0iaHR0cDovL3d3dy53My5vcmcvMjAwMC9zdmciPjwvc3ZnPg==\" style=\"--smush-placeholder-width: 200px; --smush-placeholder-aspect-ratio: 200\/200;\" \/><\/figure><div class=\"elementor-image-box-content\"><h2 class=\"elementor-image-box-title\">- 80% D\u2019\u00c9MISSION DE CO2<\/h2><\/div><\/div>\t\t\t\t<\/div>\n\t\t\t\t<\/div>\n\t\t\t\t<div class=\"elementor-element elementor-element-d9e13d2 elementor-widget elementor-widget-text-editor\" data-id=\"d9e13d2\" data-element_type=\"widget\" data-e-type=\"widget\" data-widget_type=\"text-editor.default\">\n\t\t\t\t<div class=\"elementor-widget-container\">\n\t\t\t\t\t\t\t\t\t<p><span style=\"font-weight: 400;\">Pour produire des pneus rechap\u00e9s de qualit\u00e9, Solutrade a besoin seulement d\u2019une fraction de l\u2019\u00e9nergie n\u00e9cessaire pour des pneus neufs, jusqu\u2019\u00e0 80 % de CO2 et autres \u00e9missions de carbone en moins.<\/span><\/p><ul><li style=\"font-weight: 400;\" aria-level=\"1\"><span style=\"font-weight: 400;\">Pour 100 pneus rechap\u00e9s, plus de 6 tonnes de CO2 ne sont pas rejet\u00e9es dans l&rsquo;atmosph\u00e8re.<\/span><\/li><\/ul>\t\t\t\t\t\t\t\t<\/div>\n\t\t\t\t<\/div>\n\t\t\t\t\t<\/div>\n\t\t<\/div>\n\t\t\t\t\t<\/div>\n\t\t<\/section>\n\t\t\t\t<section class=\"elementor-section elementor-top-section elementor-element elementor-element-273ab5a elementor-section-full_width elementor-section-height-default elementor-section-height-default elementor-invisible\" data-id=\"273ab5a\" data-element_type=\"section\" data-e-type=\"section\" data-settings=\"{&quot;background_background&quot;:&quot;classic&quot;,&quot;animation&quot;:&quot;fadeIn&quot;}\">\n\t\t\t\t\t\t<div class=\"elementor-container elementor-column-gap-default\">\n\t\t\t\t\t<div class=\"elementor-column elementor-col-100 elementor-top-column elementor-element elementor-element-27121bd\" data-id=\"27121bd\" data-element_type=\"column\" data-e-type=\"column\">\n\t\t\t<div class=\"elementor-widget-wrap elementor-element-populated\">\n\t\t\t\t\t\t<div class=\"elementor-element elementor-element-4cb6ce9 elementor-position-left elementor-vertical-align-middle elementor-widget elementor-widget-image-box\" data-id=\"4cb6ce9\" data-element_type=\"widget\" data-e-type=\"widget\" data-widget_type=\"image-box.default\">\n\t\t\t\t<div class=\"elementor-widget-container\">\n\t\t\t\t\t<div class=\"elementor-image-box-wrapper\"><figure class=\"elementor-image-box-img\"><img decoding=\"async\" width=\"200\" height=\"200\" data-src=\"https:\/\/solutrade.ma\/wp-content\/uploads\/2020\/12\/10.png\" class=\"elementor-animation-shrink attachment-full size-full wp-image-6603 lazyload\" alt=\"\" data-srcset=\"https:\/\/solutrade.ma\/wp-content\/uploads\/2020\/12\/10.png 200w, https:\/\/solutrade.ma\/wp-content\/uploads\/2020\/12\/10-150x150.png 150w, https:\/\/solutrade.ma\/wp-content\/uploads\/2020\/12\/10-100x100.png 100w\" data-sizes=\"(max-width: 200px) 100vw, 200px\" src=\"data:image\/svg+xml;base64,PHN2ZyB3aWR0aD0iMSIgaGVpZ2h0PSIxIiB4bWxucz0iaHR0cDovL3d3dy53My5vcmcvMjAwMC9zdmciPjwvc3ZnPg==\" style=\"--smush-placeholder-width: 200px; --smush-placeholder-aspect-ratio: 200\/200;\" \/><\/figure><div class=\"elementor-image-box-content\"><h2 class=\"elementor-image-box-title\">- 70% DE CONSOMMATION DE MATI\u00c8RES PREMI\u00c8RES<\/h2><\/div><\/div>\t\t\t\t<\/div>\n\t\t\t\t<\/div>\n\t\t\t\t<div class=\"elementor-element elementor-element-3d3a98a elementor-widget elementor-widget-text-editor\" data-id=\"3d3a98a\" data-element_type=\"widget\" data-e-type=\"widget\" data-widget_type=\"text-editor.default\">\n\t\t\t\t<div class=\"elementor-widget-container\">\n\t\t\t\t\t\t\t\t\t<p><span style=\"font-weight: 400;\">La r\u00e9utilisation de la carcasse us\u00e9e en tant que principal composant du pneu rechap\u00e9 permet d\u2019\u00e9conomiser jusqu\u2019\u00e0 70L de p\u00e9trole, 35 kg de caoutchouc et 14 kg d\u2019acier qui auraient \u00e9t\u00e9 utilis\u00e9s si le pneu us\u00e9 avait \u00e9t\u00e9 remplac\u00e9 par un pneu neuf.\u00a0<\/span><\/p><ul><li style=\"font-weight: 400;\" aria-level=\"1\"><span style=\"font-weight: 400;\">Pour 100 pneus rechap\u00e9s, plus de 5 tonnes de mat\u00e9riaux sont \u00e9conomis\u00e9es.<\/span><\/li><\/ul>\t\t\t\t\t\t\t\t<\/div>\n\t\t\t\t<\/div>\n\t\t\t\t\t<\/div>\n\t\t<\/div>\n\t\t\t\t\t<\/div>\n\t\t<\/section>\n\t\t\t\t<section class=\"elementor-section elementor-top-section elementor-element elementor-element-12d2b52 elementor-section-full_width elementor-section-height-default elementor-section-height-default elementor-invisible\" data-id=\"12d2b52\" data-element_type=\"section\" data-e-type=\"section\" data-settings=\"{&quot;background_background&quot;:&quot;classic&quot;,&quot;animation&quot;:&quot;fadeIn&quot;}\">\n\t\t\t\t\t\t<div class=\"elementor-container elementor-column-gap-default\">\n\t\t\t\t\t<div class=\"elementor-column elementor-col-100 elementor-top-column elementor-element elementor-element-6c8aa0d\" data-id=\"6c8aa0d\" data-element_type=\"column\" data-e-type=\"column\">\n\t\t\t<div class=\"elementor-widget-wrap elementor-element-populated\">\n\t\t\t\t\t\t<div class=\"elementor-element elementor-element-a147a1b elementor-position-left elementor-vertical-align-middle elementor-widget elementor-widget-image-box\" data-id=\"a147a1b\" data-element_type=\"widget\" data-e-type=\"widget\" data-widget_type=\"image-box.default\">\n\t\t\t\t<div class=\"elementor-widget-container\">\n\t\t\t\t\t<div class=\"elementor-image-box-wrapper\"><figure class=\"elementor-image-box-img\"><img decoding=\"async\" width=\"200\" height=\"200\" data-src=\"https:\/\/solutrade.ma\/wp-content\/uploads\/2020\/12\/11.png\" class=\"elementor-animation-shrink attachment-full size-full wp-image-6604 lazyload\" alt=\"\" data-srcset=\"https:\/\/solutrade.ma\/wp-content\/uploads\/2020\/12\/11.png 200w, https:\/\/solutrade.ma\/wp-content\/uploads\/2020\/12\/11-150x150.png 150w, https:\/\/solutrade.ma\/wp-content\/uploads\/2020\/12\/11-100x100.png 100w\" data-sizes=\"(max-width: 200px) 100vw, 200px\" src=\"data:image\/svg+xml;base64,PHN2ZyB3aWR0aD0iMSIgaGVpZ2h0PSIxIiB4bWxucz0iaHR0cDovL3d3dy53My5vcmcvMjAwMC9zdmciPjwvc3ZnPg==\" style=\"--smush-placeholder-width: 200px; --smush-placeholder-aspect-ratio: 200\/200;\" \/><\/figure><div class=\"elementor-image-box-content\"><h2 class=\"elementor-image-box-title\">- 50KG DE D\u00c9CHET A RECYCLER POUR UN PNEU RECHAP\u00c9<\/h2><\/div><\/div>\t\t\t\t<\/div>\n\t\t\t\t<\/div>\n\t\t\t\t<div class=\"elementor-element elementor-element-a78756d elementor-widget elementor-widget-text-editor\" data-id=\"a78756d\" data-element_type=\"widget\" data-e-type=\"widget\" data-widget_type=\"text-editor.default\">\n\t\t\t\t<div class=\"elementor-widget-container\">\n\t\t\t\t\t\t\t\t\t<p><span style=\"font-weight: 400;\">Gr\u00e2ce \u00e0 la r\u00e9utilisation des carcasses, les pneus rechap\u00e9s contiennent jusqu\u2019\u00e0 75 % de mat\u00e9riaux recycl\u00e9s et r\u00e9utilis\u00e9s, ce qui contribue \u00e0 une \u00e9conomie durable et circulaire et qui permet de diminuer la quantit\u00e9 de d\u00e9chet \u00e0 recycler.<\/span><\/p><ul><li style=\"font-weight: 400;\" aria-level=\"1\"><span style=\"font-weight: 400;\">Pour 100 pneus rechap\u00e9s, plus de 5 tonnes de d\u00e9chet en moins \u00e0 recycler.<\/span><\/li><\/ul>\t\t\t\t\t\t\t\t<\/div>\n\t\t\t\t<\/div>\n\t\t\t\t\t<\/div>\n\t\t<\/div>\n\t\t\t\t\t<\/div>\n\t\t<\/section>\n\t\t\t\t<section class=\"elementor-section elementor-top-section elementor-element elementor-element-704bd59b elementor-section-stretched elementor-section-boxed elementor-section-height-default elementor-section-height-default\" data-id=\"704bd59b\" data-element_type=\"section\" data-e-type=\"section\" data-settings=\"{&quot;stretch_section&quot;:&quot;section-stretched&quot;,&quot;background_background&quot;:&quot;classic&quot;}\">\n\t\t\t\t\t\t<div class=\"elementor-container elementor-column-gap-default\">\n\t\t\t\t\t<div class=\"elementor-column elementor-col-100 elementor-top-column elementor-element elementor-element-617c99cc\" data-id=\"617c99cc\" data-element_type=\"column\" data-e-type=\"column\">\n\t\t\t<div class=\"elementor-widget-wrap elementor-element-populated\">\n\t\t\t\t\t\t<section class=\"elementor-section elementor-inner-section elementor-element elementor-element-76b99927 elementor-section-boxed elementor-section-height-default elementor-section-height-default\" data-id=\"76b99927\" data-element_type=\"section\" data-e-type=\"section\">\n\t\t\t\t\t\t<div class=\"elementor-container elementor-column-gap-default\">\n\t\t\t\t\t<div class=\"elementor-column elementor-col-50 elementor-inner-column elementor-element elementor-element-0b02ca6\" data-id=\"0b02ca6\" data-element_type=\"column\" data-e-type=\"column\">\n\t\t\t<div class=\"elementor-widget-wrap elementor-element-populated\">\n\t\t\t\t\t\t<div class=\"elementor-element elementor-element-af77f6c elementor-widget elementor-widget-wp-widget-ocean_social\" data-id=\"af77f6c\" data-element_type=\"widget\" data-e-type=\"widget\" data-widget_type=\"wp-widget-ocean_social.default\">\n\t\t\t\t<div class=\"elementor-widget-container\">\n\t\t\t\t\t\r\n\t\t\t\t<ul class=\"oceanwp-social-icons no-transition style-simple\">\r\n\t\t\t\t\t<li class=\"oceanwp-facebook\"><a href=\"https:\/\/www.facebook.com\/share\/16pdU75iyv\/?mibextid=wwXIfr\" aria-label=\"Facebook\"  style=\"font-size:30px;\" target=\"_blank\" rel=\"noopener noreferrer\"><i class=\" fab fa-facebook\" aria-hidden=\"true\" role=\"img\"><\/i><\/a><span class=\"screen-reader-text\">S\u2019ouvre dans un nouvel onglet<\/span><\/li><li class=\"oceanwp-instagram\"><a href=\"https:\/\/www.instagram.com\/solutrade_\/\" aria-label=\"Instagram\"  style=\"font-size:30px;\" target=\"_blank\" rel=\"noopener noreferrer\"><i class=\" fab fa-instagram\" aria-hidden=\"true\" role=\"img\"><\/i><\/a><span class=\"screen-reader-text\">S\u2019ouvre dans un nouvel onglet<\/span><\/li><li class=\"oceanwp-linkedin\"><a href=\"https:\/\/www.linkedin.com\/company\/solutrade-maroc\/\" aria-label=\"LinkedIn\"  style=\"font-size:30px;\" target=\"_blank\" rel=\"noopener noreferrer\"><i class=\" fab fa-linkedin\" aria-hidden=\"true\" role=\"img\"><\/i><\/a><span class=\"screen-reader-text\">S\u2019ouvre dans un nouvel onglet<\/span><\/li>\t\t\t\t<\/ul>\r\n\r\n\t\t\t\t\r\n\t\t\t\r\n\t\t\r\n\t\t\t\t\t\t\t<\/div>\n\t\t\t\t<\/div>\n\t\t\t\t\t<\/div>\n\t\t<\/div>\n\t\t\t\t<div class=\"elementor-column elementor-col-50 elementor-inner-column elementor-element elementor-element-5a38fba\" data-id=\"5a38fba\" data-element_type=\"column\" data-e-type=\"column\">\n\t\t\t<div class=\"elementor-widget-wrap elementor-element-populated\">\n\t\t\t\t\t\t<div class=\"elementor-element elementor-element-55a2447 elementor-widget__width-initial elementor-widget elementor-widget-html\" data-id=\"55a2447\" data-element_type=\"widget\" data-e-type=\"widget\" data-widget_type=\"html.default\">\n\t\t\t\t<div class=\"elementor-widget-container\">\n\t\t\t\t\t<div class=\"tnp tnp-subscription\" style=\"text-align: left;\">\n  <form method=\"post\" action=\"https:\/\/solutrade.ma\/wp-admin\/admin-ajax.php?action=tnp&na=s\" \n        style=\"display: flex; align-items: center; gap: 10px; flex-wrap: wrap; justify-content: flex-start;\">\n    \n    <div class=\"tnp-field tnp-field-label\" style=\"margin: 0;\">\n      <label for=\"tnp-1\" style=\"margin: 0;\">Suivez-nous<\/label>\n    <\/div>\n\n    <div class=\"tnp-field tnp-field-email\" style=\"margin: 0;\">\n      <input class=\"tnp-email\" type=\"email\" name=\"ne\" id=\"tnp-1\" value=\"\"\n             placeholder=\"Recevez nos derni\u00e8res offres par email\" required\n             style=\"padding: 10px; border: 1px solid #ccc; border-radius: 5px; min-width: 250px;\">\n    <\/div>\n\n    <div class=\"tnp-field tnp-field-button\" style=\"margin: 0;\">\n      <input class=\"tnp-submit\" type=\"submit\" value=\"S'abonner\"\n             style=\"padding: 10px 20px; background-color: #e60000; color: white; border: none; border-radius: 5px; cursor: pointer;\">\n    <\/div>\n\n  <\/form>\n<\/div>\n\t\t\t\t<\/div>\n\t\t\t\t<\/div>\n\t\t\t\t\t<\/div>\n\t\t<\/div>\n\t\t\t\t\t<\/div>\n\t\t<\/section>\n\t\t\t\t\t<\/div>\n\t\t<\/div>\n\t\t\t\t\t<\/div>\n\t\t<\/section>\n\t\t\t\t<\/div>\n\t\t","protected":false},"excerpt":{"rendered":"<p>PENSEZ ENVIRONNEMENT En plus de r\u00e9duire le co\u00fbt kilom\u00e9trique de votre pneu, Solutrade vous aide \u00e9galement \u00e0 diminuer votre empreinte \u00e9cologique en se penchant aujourd\u2019hui sur l\u2019\u00e9puisement \u00e0 venir des mati\u00e8res premi\u00e8res et en assurant une utilisation efficace des ressources cl\u00e9s. Le rechapage est l\u2019un des plus anciens exemples d\u2019\u00e9conomie circulaire, puisque l\u2019on r\u00e9cup\u00e8re le [&hellip;]<\/p>\n","protected":false},"author":2,"featured_media":0,"parent":0,"menu_order":0,"comment_status":"closed","ping_status":"closed","template":"","meta":{"_seopress_robots_primary_cat":"","_seopress_titles_title":"Le rechapage des pneus: Technique respectueuse de l\u2019environnement","_seopress_titles_desc":"SOLUTRADE, leader du rechapage des pneus poids lourds \u00e0 Casablanca, au Maroc, vous propose la technique de rechapage, respectueuse de l\u2019environnement.","_seopress_robots_index":"","ocean_post_layout":"","ocean_both_sidebars_style":"","ocean_both_sidebars_content_width":0,"ocean_both_sidebars_sidebars_width":0,"ocean_sidebar":"0","ocean_second_sidebar":"0","ocean_disable_margins":"enable","ocean_add_body_class":"","ocean_shortcode_before_top_bar":"","ocean_shortcode_after_top_bar":"","ocean_shortcode_before_header":"","ocean_shortcode_after_header":"","ocean_has_shortcode":"","ocean_shortcode_after_title":"","ocean_shortcode_before_footer_widgets":"","ocean_shortcode_after_footer_widgets":"","ocean_shortcode_before_footer_bottom":"","ocean_shortcode_after_footer_bottom":"","ocean_display_top_bar":"default","ocean_display_header":"default","ocean_header_style":"","ocean_center_header_left_menu":"0","ocean_custom_header_template":"0","ocean_custom_logo":0,"ocean_custom_retina_logo":0,"ocean_custom_logo_max_width":0,"ocean_custom_logo_tablet_max_width":0,"ocean_custom_logo_mobile_max_width":0,"ocean_custom_logo_max_height":0,"ocean_custom_logo_tablet_max_height":0,"ocean_custom_logo_mobile_max_height":0,"ocean_header_custom_menu":"0","ocean_menu_typo_font_family":"0","ocean_menu_typo_font_subset":"","ocean_menu_typo_font_size":0,"ocean_menu_typo_font_size_tablet":0,"ocean_menu_typo_font_size_mobile":0,"ocean_menu_typo_font_size_unit":"px","ocean_menu_typo_font_weight":"","ocean_menu_typo_font_weight_tablet":"","ocean_menu_typo_font_weight_mobile":"","ocean_menu_typo_transform":"","ocean_menu_typo_transform_tablet":"","ocean_menu_typo_transform_mobile":"","ocean_menu_typo_line_height":0,"ocean_menu_typo_line_height_tablet":0,"ocean_menu_typo_line_height_mobile":0,"ocean_menu_typo_line_height_unit":"","ocean_menu_typo_spacing":0,"ocean_menu_typo_spacing_tablet":0,"ocean_menu_typo_spacing_mobile":0,"ocean_menu_typo_spacing_unit":"","ocean_menu_link_color":"","ocean_menu_link_color_hover":"","ocean_menu_link_color_active":"","ocean_menu_link_background":"","ocean_menu_link_hover_background":"","ocean_menu_link_active_background":"","ocean_menu_social_links_bg":"","ocean_menu_social_hover_links_bg":"","ocean_menu_social_links_color":"","ocean_menu_social_hover_links_color":"","ocean_disable_title":"default","ocean_disable_heading":"default","ocean_post_title":"","ocean_post_subheading":"","ocean_post_title_style":"","ocean_post_title_background_color":"","ocean_post_title_background":0,"ocean_post_title_bg_image_position":"","ocean_post_title_bg_image_attachment":"","ocean_post_title_bg_image_repeat":"","ocean_post_title_bg_image_size":"","ocean_post_title_height":0,"ocean_post_title_bg_overlay":0.5,"ocean_post_title_bg_overlay_color":"","ocean_disable_breadcrumbs":"default","ocean_breadcrumbs_color":"","ocean_breadcrumbs_separator_color":"","ocean_breadcrumbs_links_color":"","ocean_breadcrumbs_links_hover_color":"","ocean_display_footer_widgets":"default","ocean_display_footer_bottom":"default","ocean_custom_footer_template":"0","footnotes":""},"class_list":["post-6596","page","type-page","status-publish","hentry","entry"],"_links":{"self":[{"href":"https:\/\/solutrade.ma\/index.php\/wp-json\/wp\/v2\/pages\/6596","targetHints":{"allow":["GET"]}}],"collection":[{"href":"https:\/\/solutrade.ma\/index.php\/wp-json\/wp\/v2\/pages"}],"about":[{"href":"https:\/\/solutrade.ma\/index.php\/wp-json\/wp\/v2\/types\/page"}],"author":[{"embeddable":true,"href":"https:\/\/solutrade.ma\/index.php\/wp-json\/wp\/v2\/users\/2"}],"replies":[{"embeddable":true,"href":"https:\/\/solutrade.ma\/index.php\/wp-json\/wp\/v2\/comments?post=6596"}],"version-history":[{"count":12,"href":"https:\/\/solutrade.ma\/index.php\/wp-json\/wp\/v2\/pages\/6596\/revisions"}],"predecessor-version":[{"id":8115,"href":"https:\/\/solutrade.ma\/index.php\/wp-json\/wp\/v2\/pages\/6596\/revisions\/8115"}],"wp:attachment":[{"href":"https:\/\/solutrade.ma\/index.php\/wp-json\/wp\/v2\/media?parent=6596"}],"curies":[{"name":"wp","href":"https:\/\/api.w.org\/{rel}","templated":true}]}}