{"id":6756,"date":"2021-02-17T19:33:21","date_gmt":"2021-02-17T19:33:21","guid":{"rendered":"https:\/\/solutrade.ma\/?page_id=6756"},"modified":"2021-02-17T19:37:38","modified_gmt":"2021-02-17T19:37:38","slug":"condiciones-generales","status":"publish","type":"page","link":"https:\/\/solutrade.ma\/index.php\/condiciones-generales\/?lang=es","title":{"rendered":"Condiciones generales"},"content":{"rendered":"\t\t<div data-elementor-type=\"wp-page\" data-elementor-id=\"6756\" class=\"elementor elementor-6756\" data-elementor-post-type=\"page\">\n\t\t\t\t\t\t<section class=\"elementor-section elementor-top-section elementor-element elementor-element-f55ecf0 elementor-section-full_width elementor-section-height-default elementor-section-height-default\" data-id=\"f55ecf0\" data-element_type=\"section\" data-e-type=\"section\">\n\t\t\t\t\t\t<div class=\"elementor-container elementor-column-gap-default\">\n\t\t\t\t\t<div class=\"elementor-column elementor-col-100 elementor-top-column elementor-element elementor-element-1e3e264\" data-id=\"1e3e264\" data-element_type=\"column\" data-e-type=\"column\">\n\t\t\t<div class=\"elementor-widget-wrap elementor-element-populated\">\n\t\t\t\t\t\t<div class=\"elementor-element elementor-element-55853d7 elementor-widget elementor-widget-heading\" data-id=\"55853d7\" data-element_type=\"widget\" data-e-type=\"widget\" data-widget_type=\"heading.default\">\n\t\t\t\t<div class=\"elementor-widget-container\">\n\t\t\t\t\t<h2 class=\"elementor-heading-title elementor-size-default\">Condiciones generales de uso del sitio\nwww.solutrade.ma\n<\/h2>\t\t\t\t<\/div>\n\t\t\t\t<\/div>\n\t\t\t\t\t<\/div>\n\t\t<\/div>\n\t\t\t\t\t<\/div>\n\t\t<\/section>\n\t\t\t\t<section class=\"elementor-section elementor-top-section elementor-element elementor-element-4754565 elementor-section-full_width elementor-section-height-default elementor-section-height-default\" data-id=\"4754565\" data-element_type=\"section\" data-e-type=\"section\">\n\t\t\t\t\t\t<div class=\"elementor-container elementor-column-gap-default\">\n\t\t\t\t\t<div class=\"elementor-column elementor-col-100 elementor-top-column elementor-element elementor-element-7a505ee\" data-id=\"7a505ee\" data-element_type=\"column\" data-e-type=\"column\">\n\t\t\t<div class=\"elementor-widget-wrap elementor-element-populated\">\n\t\t\t\t\t\t<div class=\"elementor-element elementor-element-aedea72 elementor-widget elementor-widget-text-editor\" data-id=\"aedea72\" data-element_type=\"widget\" data-e-type=\"widget\" data-widget_type=\"text-editor.default\">\n\t\t\t\t<div class=\"elementor-widget-container\">\n\t\t\t\t\t\t\t\t\t<p>El presente documento tiene por objeto definir los t\u00e9rminos y condiciones en virtud de los cuales, por una parte, SOLUTRADE SARL, con domicilio social en Zone industrielle ZAK Lakhyayta, 26000 Sahel Oulad Hriz, Marruecos (en adelante \u00ab\u00a0SOLUTRADE\u00a0\u00bb), en su calidad de editor del sitio <strong><u>www.solutrade.ma<\/u><\/strong>(en adelante \u00ab\u00a0Sitio\u00a0\u00bb), pone a disposici\u00f3n del usuario (en adelante \u00ab\u00a0El Internauta\u00a0\u00bb) el Sitio, y los servicios disponibles en el mismo, y por otra parte, la forma en que el Internauta accede al Sitio y utiliza sus servicios.<\/p><p>Toda conexi\u00f3n al Sitio est\u00e1 sujeta al cumplimiento de estas Condiciones Generales de Uso (en adelante, \u00ab\u00a0CGU\u00a0\u00bb).<\/p><p>Para el\u00a0 Internauta, el mero hecho de acceder al Sitio Web de SOLUTRADE implica la aceptaci\u00f3n pura y simple de todas las CGU descritas a continuaci\u00f3n.<\/p><p>La utilizaci\u00f3n del Sitio por parte del Internauta est\u00e1 estrictamente reservada al uso privado, con exclusi\u00f3n de cualquier otro uso, en particular el comercial.<\/p><p>Adem\u00e1s, el Internauta que utiliza uno de los servicios disponibles en el Sitio acepta las condiciones generales y, en su caso, las condiciones particulares relativas al servicio utilizado por \u00e9ste. En caso de contradicci\u00f3n entre dichas condiciones y las presentes CGU, prevalecer\u00e1n las condiciones del servicio en cuesti\u00f3n.<\/p><p><strong>PROPIEDAD INTELECTUAL<\/strong><\/p><p>La estructura general del Sitio, as\u00ed como los textos, gr\u00e1ficos, im\u00e1genes, sonidos, v\u00eddeos, logotipos y marcas que lo componen son propiedad de SOLUTRADE o de sus socios y constituyen, cada uno y en su conjunto, una obra protegida por los derechos de propiedad intelectual e industrial.<\/p><p>Cualquier representaci\u00f3n y\/o reproducci\u00f3n y\/o explotaci\u00f3n total o parcial y\/o descarga total o parcial de los contenidos y servicios propuestos en el Sitio, por cualquier procedimiento, sin la autorizaci\u00f3n previa y por escrito de SOLUTRADE est\u00e1 estrictamente prohibida y ser\u00eda susceptible de constituir una falsificaci\u00f3n en el sentido de la normativa vigente en el Reino de Marruecos.<\/p><p>Cualquier infracci\u00f3n del presente\u00a0 art\u00edculo es susceptible de ser sancionada penal y civilmente, en particular bajo el ep\u00edgrafe de falsificaci\u00f3n y\/o infracci\u00f3n de los derechos de propiedad intelectual e industrial, implicando en su caso el pago de da\u00f1os y perjuicios.<\/p><p><strong>DATOS PERSONALES\u00a0\u00a0\u00a0\u00a0\u00a0\u00a0\u00a0\u00a0\u00a0\u00a0\u00a0\u00a0\u00a0\u00a0\u00a0\u00a0\u00a0\u00a0\u00a0\u00a0\u00a0\u00a0\u00a0\u00a0\u00a0\u00a0\u00a0 <\/strong><\/p><p>El Internauta reconoce y acepta que los datos recogidos en el marco de la utilizaci\u00f3n del Sitio Web por \u00e9ste ser\u00e1n tratados en forma de fichero de papel o electr\u00f3nico. Las informaciones nominativas relativas al Internauta conocidas como datos personales (apellidos, nombre, n\u00famero de tel\u00e9fono, direcci\u00f3n, etc&#8230;) (en adelante \u00ab\u00a0Datos\u00a0\u00bb) pueden ser comunicadas a petici\u00f3n de las autoridades judiciales. Estos datos son tratados y almacenados por SOLUTRADE y comunicados por \u00e9sta a sus sociedades matrices, filiales o proveedores de servicios para la prestaci\u00f3n de los servicios disponibles en el Sitio, en particular el servicio de Contacto y Newsletter y la gesti\u00f3n de dicho Sitio.<\/p><p>SOLUTRADE podr\u00e1 comunicar dichas informaciones a terceros para la implementaci\u00f3n de los servicios del Sitio a los que extiende el respeto de las disposiciones de la ley 09-08 y las normas de seguridad y confidencialidad de dichos Datos.<\/p><p>El Internauta autoriza a SOLUTRADE a utilizar los datos recogidos para ofrecerle, por correo electr\u00f3nico o por cualquier otro medio que utilice tecnolog\u00eda de la misma naturaleza, servicios de SOLUTRADE similares a los utilizados por \u00e9ste y que puedan satisfacer sus necesidades.<\/p><p><strong>ENLACES DE HIPERTEXTO<\/strong><\/p><p>El Sitio puede contener enlaces a otros sitios presentes en la red Internet. El uso de estos enlaces por parte del Internauta le hace salir del Sitio. Estos enlaces y los sitios a los que dan acceso son independientes del Sitio. Por ello, se informa al Internauta de que SOLUTRADE no tiene ning\u00fan control sobre el contenido de estos enlaces y no asume ninguna responsabilidad por su contenido. Asimismo, el Internauta reconoce y acepta que utiliza dichos enlaces bajo su exclusiva responsabilidad, tanto civil como penal.<\/p><p><strong>RESPONSABILIDAD DEL\u00a0 INTERNAUTA<\/strong><\/p><p>El Internauta es consciente de que Internet transmite datos que pueden estar protegidos por derechos de propiedad intelectual y\/o infringir las disposiciones legales y reglamentarias vigentes. En este sentido, el Internauta se abstendr\u00e1 de almacenar, descargar o enviar datos prohibidos, il\u00edcitos, contrarios a la moral o al orden p\u00fablico y\/o que infrinjan los derechos de terceros y, en particular, los derechos de propiedad intelectual de terceros.<\/p><p>El Internauta reconoce que Internet no es seguro y que el secreto de las correspondencias transmitidas no est\u00e1 garantizado. Asimismo, el Internauta queda informado de que la comunicaci\u00f3n de cualquier informaci\u00f3n, sea o no confidencial, la realiza por su cuenta y riesgo y que es su responsabilidad protegerse contra los riesgos de un ataque de virus a sus datos y\/o software.<\/p><p><strong>RESPONSABILIDAD DE SOLUTRADE<\/strong><\/p><p>Las informaciones que figuran en el Sitio proceden de fuentes consideradas como\u00a0 fiables. Sin embargo, estas informaciones pueden contener inexactitudes t\u00e9cnicas y errores tipogr\u00e1ficos. SOLUTRADE se reserva el derecho de corregirlos tan pronto como estos errores sean puestos en su conocimiento. SOLUTRADE recomienda al Internauta que compruebe la exactitud y pertinencia de las informaciones puestas a disposici\u00f3n en el Sitio.<\/p><p>Las informaciones disponibles en el Sitio son susceptibles de ser modificadas en cualquier momento y pueden ser objeto de actualizaciones.<\/p><p>El uso de las informaciones disponibles en el Sitio se realiza bajo la plena y \u00fanica responsabilidad del Internauta, que asume todas las consecuencias que puedan derivarse de ello, sin que SOLUTRADE pueda ser reclamada al respecto, y sin recurso alguno contra \u00e9sta.<\/p><p>SOLUTRADE no se responsabiliza en ning\u00fan caso de los da\u00f1os de cualquier naturaleza que se deriven de la interpretaci\u00f3n o utilizaci\u00f3n de las informaciones disponibles en el Sitio.<\/p><p>Adem\u00e1s, SOLUTRADE no podr\u00e1 ser considerada responsable de los actos de los Internautas\u00a0 que son contrarios a la legislaci\u00f3n vigente, ni de cualquier da\u00f1o directo o indirecto resultante de la utilizaci\u00f3n del Sitio y ello, cualquiera que sea el motivo, en particular, sin que esta lista sea limitativa, en caso de problema t\u00e9cnico, como un virus, un bug inform\u00e1tico, una intrusi\u00f3n malintencionada o un disfuncionamiento del Sitio.<\/p><p><strong>ACCESO AL SITIO<\/strong><\/p><p>SOLUTRADE se esfuerza por permitir que el Sitio sea accesible las 24 horas del d\u00eda, los 7 d\u00edas de la semana, salvo en caso de fuerza mayor o de ocurrencia de un evento ajeno al control de\u00a0 SOLUTRADE, y a reserva de posibles aver\u00edas e intervenciones de mantenimiento necesarias para el buen funcionamiento del Sitio y de los servicios. En este sentido, SOLUTRADE podr\u00e1, en cualquier momento y sin previo aviso, modificar o interrumpir temporal o indefinidamente todo o parte del Sitio para realizar operaciones de mantenimiento y\/o mejoras y\/o modificaciones en el Sitio. En consecuencia, SOLUTRADE no puede garantizar la disponibilidad del Sitio y\/o de los servicios, la fiabilidad de las transmisiones y el rendimiento en t\u00e9rminos de tiempo de respuesta o de calidad.<\/p><p>SOLUTRADE no se hace responsable en ning\u00fan\u00a0 caso de la \u00a0imposibilidad de acceso al Sitio y\/o de utilizaci\u00f3n de los servicios.<\/p><p>El Internauta reconoce y acepta que SOLUTRADE no puede ser responsable de las interrupciones, ni de las consecuencias que puedan derivarse de ello para el Internauta o cualquier tercero.<\/p><p><strong>\u00a0<\/strong><strong>NORMAS DE USO DE INTERNET<\/strong><\/p><p>El Internauta declara que acepta las caracter\u00edsticas y las limitaciones de Internet, y en particular reconoce que :<\/p><p>SOLUTRADE no asume ninguna responsabilidad por los servicios accesibles a trav\u00e9s de Internet y no ejerce ning\u00fan control sobre la naturaleza y caracter\u00edsticas de los datos que puedan transitar por su servidor.<\/p><p>El Internauta reconoce que los datos que circulan por Internet no est\u00e1n protegidos, en particular contra\u00a0 posibles\u00a0 desv\u00edos\u00a0 . La comunicaci\u00f3n de cualquier informaci\u00f3n que el Internauta considere de car\u00e1cter sensible o confidencial es por su cuenta y riesgo.<\/p><p>El Internauta reconoce que los datos que circulan por Internet pueden estar regulados en t\u00e9rminos de uso o estar protegidos por un derecho de propiedad.<\/p><p>El Internauta es el \u00fanico responsable del uso de los datos que consulta, pregunta y transfiere en Internet.<\/p><p>El Internauta reconoce que SOLUTRADE no tiene ning\u00fan medio de control sobre el contenido de los servicios accesibles en Internet.<\/p><p><strong>SEGURIDAD DEL SITIO<\/strong><\/p><p>SOLUTRADE implementa las medidas necesarias y adecuadas para garantizar la seguridad del Sitio y en particular la protecci\u00f3n de los datos personales de los Internautas y esto, contra cualquier p\u00e9rdida, uso desviado, acceso no autorizado, alteraci\u00f3n o destrucci\u00f3n. No obstante, en la medida en que tales riesgos son inherentes a Internet, se informa al Internauta de que el Sitio no puede ser objeto de una protecci\u00f3n infalible.<\/p><p><strong>MODIFICACIONES<\/strong><\/p><p>Las presentes CGU pueden ser modificadas y actualizadas en cualquier momento sin previo aviso por SOLUTRADE. Dichas modificaciones y actualizaciones entran en vigor en cuanto se publican en el Sitio.<\/p><p><strong>DERECHO APLICABLE<\/strong><\/p><p>Las presentes CGU est\u00e1n sujetas a la legislaci\u00f3n marroqu\u00ed. Cualquier litigio derivado de la ejecuci\u00f3n o interpretaci\u00f3n de las presentes\u00a0 se presentar\u00e1 ante el Tribunal de Comercio de Casablanca.<\/p>\t\t\t\t\t\t\t\t<\/div>\n\t\t\t\t<\/div>\n\t\t\t\t\t<\/div>\n\t\t<\/div>\n\t\t\t\t\t<\/div>\n\t\t<\/section>\n\t\t\t\t<section class=\"elementor-section elementor-top-section elementor-element elementor-element-58f6e42 elementor-section-full_width elementor-section-stretched elementor-section-height-default elementor-section-height-default\" data-id=\"58f6e42\" data-element_type=\"section\" data-e-type=\"section\" data-settings=\"{&quot;stretch_section&quot;:&quot;section-stretched&quot;,&quot;background_background&quot;:&quot;classic&quot;}\">\n\t\t\t\t\t\t<div class=\"elementor-container elementor-column-gap-default\">\n\t\t\t\t\t<div class=\"elementor-column elementor-col-100 elementor-top-column elementor-element elementor-element-5cd03ec7\" data-id=\"5cd03ec7\" data-element_type=\"column\" data-e-type=\"column\">\n\t\t\t<div class=\"elementor-widget-wrap elementor-element-populated\">\n\t\t\t\t\t\t<section class=\"elementor-section elementor-inner-section elementor-element elementor-element-376b7a0e elementor-section-full_width elementor-section-height-default elementor-section-height-default\" data-id=\"376b7a0e\" data-element_type=\"section\" data-e-type=\"section\">\n\t\t\t\t\t\t<div class=\"elementor-container elementor-column-gap-default\">\n\t\t\t\t\t<div class=\"elementor-column elementor-col-50 elementor-inner-column elementor-element elementor-element-26dc4132\" data-id=\"26dc4132\" data-element_type=\"column\" data-e-type=\"column\">\n\t\t\t<div class=\"elementor-widget-wrap elementor-element-populated\">\n\t\t\t\t\t\t<div class=\"elementor-element elementor-element-11f562f6 elementor-widget elementor-widget-wp-widget-ocean_social\" data-id=\"11f562f6\" data-element_type=\"widget\" data-e-type=\"widget\" data-widget_type=\"wp-widget-ocean_social.default\">\n\t\t\t\t<div class=\"elementor-widget-container\">\n\t\t\t\t\t\r\n\t\t\t\t<ul class=\"oceanwp-social-icons no-transition style-light\">\r\n\t\t\t\t\t<li class=\"oceanwp-facebook\"><a href=\"https:\/\/www.facebook.com\/Solutrade\" aria-label=\"Facebook\"  style=\"font-size:30px;\" target=\"_blank\" rel=\"noopener noreferrer\"><i class=\" fab fa-facebook\" aria-hidden=\"true\" role=\"img\"><\/i><\/a><span class=\"screen-reader-text\">S\u2019ouvre dans un nouvel onglet<\/span><\/li><li class=\"oceanwp-instagram\"><a href=\"https:\/\/www.instagram.com\/solutrade\/\" aria-label=\"Instagram\"  style=\"font-size:30px;\" target=\"_blank\" rel=\"noopener noreferrer\"><i class=\" fab fa-instagram\" aria-hidden=\"true\" role=\"img\"><\/i><\/a><span class=\"screen-reader-text\">S\u2019ouvre dans un nouvel onglet<\/span><\/li><li class=\"oceanwp-linkedin\"><a href=\"https:\/\/www.linkedin.com\/company\/solutrademaroc\/\" aria-label=\"LinkedIn\"  style=\"font-size:30px;\" target=\"_blank\" rel=\"noopener noreferrer\"><i class=\" fab fa-linkedin\" aria-hidden=\"true\" role=\"img\"><\/i><\/a><span class=\"screen-reader-text\">S\u2019ouvre dans un nouvel onglet<\/span><\/li>\t\t\t\t<\/ul>\r\n\r\n\t\t\t\t\r\n\t\t\t\r\n\t\t\r\n\t\t\t\t\t\t\t<\/div>\n\t\t\t\t<\/div>\n\t\t\t\t\t<\/div>\n\t\t<\/div>\n\t\t\t\t<div class=\"elementor-column elementor-col-50 elementor-inner-column elementor-element elementor-element-55715ea3\" data-id=\"55715ea3\" data-element_type=\"column\" data-e-type=\"column\">\n\t\t\t<div class=\"elementor-widget-wrap elementor-element-populated\">\n\t\t\t\t\t\t<div class=\"elementor-element elementor-element-a27562e elementor-widget elementor-widget-heading\" data-id=\"a27562e\" data-element_type=\"widget\" data-e-type=\"widget\" data-widget_type=\"heading.default\">\n\t\t\t\t<div class=\"elementor-widget-container\">\n\t\t\t\t\t<h5 class=\"elementor-heading-title elementor-size-default\">S\u00edganos en<\/h5>\t\t\t\t<\/div>\n\t\t\t\t<\/div>\n\t\t\t\t\t<\/div>\n\t\t<\/div>\n\t\t\t\t\t<\/div>\n\t\t<\/section>\n\t\t\t\t\t<\/div>\n\t\t<\/div>\n\t\t\t\t\t<\/div>\n\t\t<\/section>\n\t\t\t\t<\/div>\n\t\t","protected":false},"excerpt":{"rendered":"<p>Condiciones generales de uso del sitio www.solutrade.ma El presente documento tiene por objeto definir los t\u00e9rminos y condiciones en virtud de los cuales, por una parte, SOLUTRADE SARL, con domicilio social en Zone industrielle ZAK Lakhyayta, 26000 Sahel Oulad Hriz, Marruecos (en adelante \u00ab\u00a0SOLUTRADE\u00a0\u00bb), en su calidad de editor del sitio www.solutrade.ma(en adelante \u00ab\u00a0Sitio\u00a0\u00bb), pone [&hellip;]<\/p>\n","protected":false},"author":2,"featured_media":0,"parent":0,"menu_order":0,"comment_status":"closed","ping_status":"closed","template":"","meta":{"_seopress_robots_primary_cat":"","_seopress_titles_title":"","_seopress_titles_desc":"","_seopress_robots_index":"","ocean_post_layout":"","ocean_both_sidebars_style":"","ocean_both_sidebars_content_width":0,"ocean_both_sidebars_sidebars_width":0,"ocean_sidebar":"0","ocean_second_sidebar":"0","ocean_disable_margins":"enable","ocean_add_body_class":"","ocean_shortcode_before_top_bar":"","ocean_shortcode_after_top_bar":"","ocean_shortcode_before_header":"","ocean_shortcode_after_header":"","ocean_has_shortcode":"","ocean_shortcode_after_title":"","ocean_shortcode_before_footer_widgets":"","ocean_shortcode_after_footer_widgets":"","ocean_shortcode_before_footer_bottom":"","ocean_shortcode_after_footer_bottom":"","ocean_display_top_bar":"default","ocean_display_header":"default","ocean_header_style":"","ocean_center_header_left_menu":"0","ocean_custom_header_template":"0","ocean_custom_logo":0,"ocean_custom_retina_logo":0,"ocean_custom_logo_max_width":0,"ocean_custom_logo_tablet_max_width":0,"ocean_custom_logo_mobile_max_width":0,"ocean_custom_logo_max_height":0,"ocean_custom_logo_tablet_max_height":0,"ocean_custom_logo_mobile_max_height":0,"ocean_header_custom_menu":"0","ocean_menu_typo_font_family":"0","ocean_menu_typo_font_subset":"","ocean_menu_typo_font_size":0,"ocean_menu_typo_font_size_tablet":0,"ocean_menu_typo_font_size_mobile":0,"ocean_menu_typo_font_size_unit":"px","ocean_menu_typo_font_weight":"","ocean_menu_typo_font_weight_tablet":"","ocean_menu_typo_font_weight_mobile":"","ocean_menu_typo_transform":"","ocean_menu_typo_transform_tablet":"","ocean_menu_typo_transform_mobile":"","ocean_menu_typo_line_height":0,"ocean_menu_typo_line_height_tablet":0,"ocean_menu_typo_line_height_mobile":0,"ocean_menu_typo_line_height_unit":"","ocean_menu_typo_spacing":0,"ocean_menu_typo_spacing_tablet":0,"ocean_menu_typo_spacing_mobile":0,"ocean_menu_typo_spacing_unit":"","ocean_menu_link_color":"","ocean_menu_link_color_hover":"","ocean_menu_link_color_active":"","ocean_menu_link_background":"","ocean_menu_link_hover_background":"","ocean_menu_link_active_background":"","ocean_menu_social_links_bg":"","ocean_menu_social_hover_links_bg":"","ocean_menu_social_links_color":"","ocean_menu_social_hover_links_color":"","ocean_disable_title":"default","ocean_disable_heading":"default","ocean_post_title":"","ocean_post_subheading":"","ocean_post_title_style":"","ocean_post_title_background_color":"","ocean_post_title_background":0,"ocean_post_title_bg_image_position":"","ocean_post_title_bg_image_attachment":"","ocean_post_title_bg_image_repeat":"","ocean_post_title_bg_image_size":"","ocean_post_title_height":0,"ocean_post_title_bg_overlay":0.5,"ocean_post_title_bg_overlay_color":"","ocean_disable_breadcrumbs":"default","ocean_breadcrumbs_color":"","ocean_breadcrumbs_separator_color":"","ocean_breadcrumbs_links_color":"","ocean_breadcrumbs_links_hover_color":"","ocean_display_footer_widgets":"default","ocean_display_footer_bottom":"default","ocean_custom_footer_template":"0","footnotes":""},"class_list":["post-6756","page","type-page","status-publish","hentry","entry"],"_links":{"self":[{"href":"https:\/\/solutrade.ma\/index.php\/wp-json\/wp\/v2\/pages\/6756","targetHints":{"allow":["GET"]}}],"collection":[{"href":"https:\/\/solutrade.ma\/index.php\/wp-json\/wp\/v2\/pages"}],"about":[{"href":"https:\/\/solutrade.ma\/index.php\/wp-json\/wp\/v2\/types\/page"}],"author":[{"embeddable":true,"href":"https:\/\/solutrade.ma\/index.php\/wp-json\/wp\/v2\/users\/2"}],"replies":[{"embeddable":true,"href":"https:\/\/solutrade.ma\/index.php\/wp-json\/wp\/v2\/comments?post=6756"}],"version-history":[{"count":7,"href":"https:\/\/solutrade.ma\/index.php\/wp-json\/wp\/v2\/pages\/6756\/revisions"}],"predecessor-version":[{"id":6763,"href":"https:\/\/solutrade.ma\/index.php\/wp-json\/wp\/v2\/pages\/6756\/revisions\/6763"}],"wp:attachment":[{"href":"https:\/\/solutrade.ma\/index.php\/wp-json\/wp\/v2\/media?parent=6756"}],"curies":[{"name":"wp","href":"https:\/\/api.w.org\/{rel}","templated":true}]}}