{"id":8066,"date":"2025-07-27T16:55:31","date_gmt":"2025-07-27T16:55:31","guid":{"rendered":"https:\/\/solutrade.ma\/index.php\/newsletter\/"},"modified":"2025-07-27T17:45:43","modified_gmt":"2025-07-27T17:45:43","slug":"newsletter","status":"publish","type":"page","link":"https:\/\/solutrade.ma\/index.php\/newsletter\/","title":{"rendered":"Newsletter"},"content":{"rendered":"\t\t<div data-elementor-type=\"wp-page\" data-elementor-id=\"8066\" class=\"elementor elementor-8066\" data-elementor-post-type=\"page\">\n\t\t\t\t\t\t<section class=\"elementor-section elementor-top-section elementor-element elementor-element-292dca1 elementor-section-boxed elementor-section-height-default elementor-section-height-default\" data-id=\"292dca1\" data-element_type=\"section\" data-e-type=\"section\">\n\t\t\t\t\t\t<div class=\"elementor-container elementor-column-gap-default\">\n\t\t\t\t\t<div class=\"elementor-column elementor-col-100 elementor-top-column elementor-element elementor-element-7950a585\" data-id=\"7950a585\" data-element_type=\"column\" data-e-type=\"column\">\n\t\t\t<div class=\"elementor-widget-wrap elementor-element-populated\">\n\t\t\t\t\t\t<div class=\"elementor-element elementor-element-2e1a4ee4 elementor-widget elementor-widget-text-editor\" data-id=\"2e1a4ee4\" data-element_type=\"widget\" data-e-type=\"widget\" data-widget_type=\"text-editor.default\">\n\t\t\t\t<div class=\"elementor-widget-container\">\n\t\t\t\t\t\t\t\t\tdocument.addEventListener(\u00ab\u00a0DOMContentLoaded\u00a0\u00bb, function () {\r\n    const form = document.querySelector(\u00ab\u00a0.tnp-subscription form\u00a0\u00bb);\r\n    if (!form) return;\r\n\r\n    form.addEventListener(\u00ab\u00a0submit\u00a0\u00bb, function (e) {\r\n        const observer = new MutationObserver(() =&gt; {\r\n            const msg = document.querySelector(\u00ab\u00a0.tnp-message\u00a0\u00bb);\r\n            if (msg &amp;&amp; msg.textContent.includes(\u00ab\u00a0Merci\u00a0\u00bb) || msg.textContent.includes(\u00ab\u00a0\u2705\u00a0\u00bb)) {\r\n                \/\/ afficher popup\r\n                alert(\u00ab\u00a0\u2705 Merci pour votre inscription !\u00a0\u00bb);\r\n                \/\/ redirection apr\u00e8s 3 secondes\r\n                setTimeout(() =&gt; {\r\n                    window.location.href = \u00ab\u00a0https:\/\/solutrade.ma\/merci\/\u00a0\u00bb;\r\n                }, 3000);\r\n                observer.disconnect();\r\n            }\r\n        });\r\n\r\n        observer.observe(form.parentNode, { childList: true, subtree: true });\r\n    });\r\n});\r\n\r\n\t\t\t\t\t\t\t\t<\/div>\n\t\t\t\t<\/div>\n\t\t\t\t\t<\/div>\n\t\t<\/div>\n\t\t\t\t\t<\/div>\n\t\t<\/section>\n\t\t\t\t<section class=\"elementor-section elementor-top-section elementor-element elementor-element-e50560d elementor-section-boxed elementor-section-height-default elementor-section-height-default\" data-id=\"e50560d\" data-element_type=\"section\" data-e-type=\"section\">\n\t\t\t\t\t\t<div class=\"elementor-container elementor-column-gap-default\">\n\t\t\t\t\t<div class=\"elementor-column elementor-col-100 elementor-top-column elementor-element elementor-element-b881314\" data-id=\"b881314\" data-element_type=\"column\" data-e-type=\"column\">\n\t\t\t<div class=\"elementor-widget-wrap elementor-element-populated\">\n\t\t\t\t\t\t<div class=\"elementor-element elementor-element-b89282d elementor-widget elementor-widget-html\" data-id=\"b89282d\" data-element_type=\"widget\" data-e-type=\"widget\" data-widget_type=\"html.default\">\n\t\t\t\t<div class=\"elementor-widget-container\">\n\t\t\t\t\t<div style=\"max-width: 600px; margin: 50px auto; text-align: center; padding: 30px; border-radius: 15px; background: #f7f7f7; box-shadow: 0 0 10px rgba(0,0,0,0.1); font-family: Arial, sans-serif;\">\n  \n \n\n  <h2 style=\"color: #e60000;\">\u2705 Merci pour votre inscription !<\/h2>\n\n  <p style=\"font-size: 18px; color: #333;\">\n    Vous \u00eates maintenant inscrit(e) \u00e0 notre newsletter.  \n    <br>Restez \u00e0 l\u2019\u00e9coute de nos nouveaut\u00e9s, offres exclusives et conseils professionnels.\n  <\/p>\n\n  <a href=\"\/\" style=\"display: inline-block; margin-top: 25px; padding: 12px 25px; background-color: #e60000; color: #fff; text-decoration: none; border-radius: 6px; font-weight: bold;\">\n    Retour \u00e0 l'accueil\n  <\/a>\n\n<\/div>\n\t\t\t\t<\/div>\n\t\t\t\t<\/div>\n\t\t\t\t\t<\/div>\n\t\t<\/div>\n\t\t\t\t\t<\/div>\n\t\t<\/section>\n\t\t\t\t<\/div>\n\t\t","protected":false},"excerpt":{"rendered":"<p>\u2705 Merci pour votre inscription ! Vous \u00eates maintenant inscrit(e) \u00e0 notre newsletter. Restez \u00e0 l\u2019\u00e9coute de nos nouveaut\u00e9s, offres exclusives et conseils professionnels. Retour \u00e0 l&rsquo;accueil<\/p>\n","protected":false},"author":2,"featured_media":0,"parent":0,"menu_order":0,"comment_status":"closed","ping_status":"closed","template":"","meta":{"_seopress_robots_primary_cat":"","_seopress_titles_title":"","_seopress_titles_desc":"","_seopress_robots_index":"","ocean_post_layout":"","ocean_both_sidebars_style":"","ocean_both_sidebars_content_width":0,"ocean_both_sidebars_sidebars_width":0,"ocean_sidebar":"","ocean_second_sidebar":"","ocean_disable_margins":"enable","ocean_add_body_class":"","ocean_shortcode_before_top_bar":"","ocean_shortcode_after_top_bar":"","ocean_shortcode_before_header":"","ocean_shortcode_after_header":"","ocean_has_shortcode":"","ocean_shortcode_after_title":"","ocean_shortcode_before_footer_widgets":"","ocean_shortcode_after_footer_widgets":"","ocean_shortcode_before_footer_bottom":"","ocean_shortcode_after_footer_bottom":"","ocean_display_top_bar":"default","ocean_display_header":"default","ocean_header_style":"","ocean_center_header_left_menu":"","ocean_custom_header_template":"","ocean_custom_logo":0,"ocean_custom_retina_logo":0,"ocean_custom_logo_max_width":0,"ocean_custom_logo_tablet_max_width":0,"ocean_custom_logo_mobile_max_width":0,"ocean_custom_logo_max_height":0,"ocean_custom_logo_tablet_max_height":0,"ocean_custom_logo_mobile_max_height":0,"ocean_header_custom_menu":"","ocean_menu_typo_font_family":"","ocean_menu_typo_font_subset":"","ocean_menu_typo_font_size":0,"ocean_menu_typo_font_size_tablet":0,"ocean_menu_typo_font_size_mobile":0,"ocean_menu_typo_font_size_unit":"px","ocean_menu_typo_font_weight":"","ocean_menu_typo_font_weight_tablet":"","ocean_menu_typo_font_weight_mobile":"","ocean_menu_typo_transform":"","ocean_menu_typo_transform_tablet":"","ocean_menu_typo_transform_mobile":"","ocean_menu_typo_line_height":0,"ocean_menu_typo_line_height_tablet":0,"ocean_menu_typo_line_height_mobile":0,"ocean_menu_typo_line_height_unit":"","ocean_menu_typo_spacing":0,"ocean_menu_typo_spacing_tablet":0,"ocean_menu_typo_spacing_mobile":0,"ocean_menu_typo_spacing_unit":"","ocean_menu_link_color":"","ocean_menu_link_color_hover":"","ocean_menu_link_color_active":"","ocean_menu_link_background":"","ocean_menu_link_hover_background":"","ocean_menu_link_active_background":"","ocean_menu_social_links_bg":"","ocean_menu_social_hover_links_bg":"","ocean_menu_social_links_color":"","ocean_menu_social_hover_links_color":"","ocean_disable_title":"default","ocean_disable_heading":"default","ocean_post_title":"","ocean_post_subheading":"","ocean_post_title_style":"","ocean_post_title_background_color":"","ocean_post_title_background":0,"ocean_post_title_bg_image_position":"","ocean_post_title_bg_image_attachment":"","ocean_post_title_bg_image_repeat":"","ocean_post_title_bg_image_size":"","ocean_post_title_height":0,"ocean_post_title_bg_overlay":0.5,"ocean_post_title_bg_overlay_color":"","ocean_disable_breadcrumbs":"default","ocean_breadcrumbs_color":"","ocean_breadcrumbs_separator_color":"","ocean_breadcrumbs_links_color":"","ocean_breadcrumbs_links_hover_color":"","ocean_display_footer_widgets":"default","ocean_display_footer_bottom":"default","ocean_custom_footer_template":"","footnotes":""},"class_list":["post-8066","page","type-page","status-publish","hentry","entry"],"_links":{"self":[{"href":"https:\/\/solutrade.ma\/index.php\/wp-json\/wp\/v2\/pages\/8066","targetHints":{"allow":["GET"]}}],"collection":[{"href":"https:\/\/solutrade.ma\/index.php\/wp-json\/wp\/v2\/pages"}],"about":[{"href":"https:\/\/solutrade.ma\/index.php\/wp-json\/wp\/v2\/types\/page"}],"author":[{"embeddable":true,"href":"https:\/\/solutrade.ma\/index.php\/wp-json\/wp\/v2\/users\/2"}],"replies":[{"embeddable":true,"href":"https:\/\/solutrade.ma\/index.php\/wp-json\/wp\/v2\/comments?post=8066"}],"version-history":[{"count":4,"href":"https:\/\/solutrade.ma\/index.php\/wp-json\/wp\/v2\/pages\/8066\/revisions"}],"predecessor-version":[{"id":8085,"href":"https:\/\/solutrade.ma\/index.php\/wp-json\/wp\/v2\/pages\/8066\/revisions\/8085"}],"wp:attachment":[{"href":"https:\/\/solutrade.ma\/index.php\/wp-json\/wp\/v2\/media?parent=8066"}],"curies":[{"name":"wp","href":"https:\/\/api.w.org\/{rel}","templated":true}]}}